{"id":45086,"date":"2019-08-08T11:28:58","date_gmt":"2019-08-08T11:29:00","guid":{"rendered":"https:\/\/affichesguy.fr\/?post_type=product&#038;p=45086"},"modified":"2019-08-30T12:01:13","modified_gmt":"2019-08-30T12:01:13","slug":"line-up","status":"publish","type":"product","link":"https:\/\/affichesguy.fr\/es\/producto\/line-up\/","title":{"rendered":"Line up"},"content":{"rendered":"<div class=\"wpb-content-wrapper\"><p>[vc_row type=\u00bbboxed\u00bb content_placement=\u00bbtop\u00bb][vc_column][vc_tta_tabs][vc_tta_section title=\u00bbDETALLES DEL PRODUCTO\u00bb tab_id=\u00bb1560431029521-4c1a1f27-0543&#8243;]\r\n\t\t\t<div class=\"nm-feature layout-centered icon-style-simple bottom-spacing-none\"><div class=\"nm-feature-icon\"><i class=\"pe-7s-ticket\" style=\"color: #078695;\"><\/i><\/div>\r\n\t\t\t\t<div class=\"nm-feature-content\">\r\n\t\t\t\t\t<div class=\"wpb_text_column\"><p>50X70 cm con borde blanco (22mm) | Calidad de la galer\u00eda<\/p>\n<p>Series muy limitadas a 20 copias numeradas por cartel | Certificado de autenticidad<\/p>\n<p>Papel eco-responsable certificado por el FSC 250g\/m2 | Tinta UVGEL colores inalterables<\/p>\n<p>Marca comercial y dise\u00f1os registrados y protegidos (INPI) \u2122\u00ae<\/p>\n<p>Creaci\u00f3n original: Guy | Fot\u00f3grafo: Marcelle H<\/p>\n<\/div>\r\n\t\t\t\t<\/div>\r\n\t\t\t<\/div>[\/vc_tta_section][vc_tta_section title=\u00bbEXPEDICI\u00d3N Y DEVOLUCIONES\u00bb tab_id=\u00bb1560431091722-f0d28c50-962c\u00bb]\r\n\t\t\t<div class=\"nm-feature layout-centered icon-style-simple bottom-spacing-none\"><div class=\"nm-feature-icon\"><i class=\"pe-7s-box2\" style=\"color: #078695;\"><\/i><\/div>\r\n\t\t\t\t<div class=\"nm-feature-content\">\r\n\t\t\t\t\t<div class=\"wpb_text_column\"><p>Env\u00edo gratuito a la Francia metropolitana | Env\u00edo en un plazo de 72 horas<\/p>\n<p>Paquetes eco-responsables (envases de cart\u00f3n reciclados, sin pl\u00e1stico)<\/p>\n<p>Devoluciones a su cargo dentro de los 15 d\u00edas de recibir el cartel<\/p>\n<p>Colissimo o Punto de rel\u00e9, a deporte: m\u00e1s verde y m\u00e1s pr\u00e1ctico<\/p>\n<\/div>\r\n\t\t\t\t<\/div>\r\n\t\t\t<\/div>[\/vc_tta_section][vc_tta_section title=\u00bbECO-RESPONSABILIDAD\u00bb tab_id=\u00bb1560431029532-c052d7be-d465&#8243;]\r\n\t\t\t<div class=\"nm-feature layout-centered icon-style-simple bottom-spacing-none\"><div class=\"nm-feature-icon\"><i class=\"pe-7s-sun\" style=\"color: #078695;\"><\/i><\/div>\r\n\t\t\t\t<div class=\"nm-feature-content\">\r\n\t\t\t\t\t<div class=\"wpb_text_column\"><p>Hecho e impreso en Francia<\/p>\n<p>Envases de cart\u00f3n reciclados hechos de kraft, sin pl\u00e1stico<\/p>\n<p>Papel 250m\/g2 FSC | Certificaci\u00f3n Ambiental (SCS-COC-000856 \/ FSC-C008945)<\/p>\n<p>Tinta sostenible no t\u00f3xica | Certificaci\u00f3n GreenGuard (108581-410)<\/p>\n<p>Sin emisiones de ozono y calor | Reducci\u00f3n del consumo el\u00e9ctrico<\/p>\n<\/div>\r\n\t\t\t\t<\/div>\r\n\t\t\t<\/div>[\/vc_tta_section][\/vc_tta_tabs][\/vc_column][\/vc_row]<\/p>\n<\/div>","protected":false},"excerpt":{"rendered":"<p>\u00a1Ilustraci\u00f3n gr\u00e1fica de una sala de espera!<\/p>\n<p>Cartel de arte 50&#215;70 cm<br \/>\nPapel satinado de calidad de galer\u00eda<br \/>\n20 copias numeradas<br \/>\nVendido sin marco<\/p>\n<p><img loading=\"lazy\" decoding=\"async\" class=\"alignnone wp-image-44214\" src=\"https:\/\/affichesguy.fr\/wp-content\/uploads\/2019\/06\/budding-leaves-300x300.png\" alt=\"\" width=\"25\" height=\"25\" srcset=\"https:\/\/affichesguy.fr\/wp-content\/uploads\/2019\/06\/budding-leaves-300x300.png 300w, https:\/\/affichesguy.fr\/wp-content\/uploads\/2019\/06\/budding-leaves-150x150.png 150w, https:\/\/affichesguy.fr\/wp-content\/uploads\/2019\/06\/budding-leaves-350x350.png 350w, https:\/\/affichesguy.fr\/wp-content\/uploads\/2019\/06\/budding-leaves-100x100.png 100w, https:\/\/affichesguy.fr\/wp-content\/uploads\/2019\/06\/budding-leaves.png 512w\" sizes=\"auto, (max-width: 25px) 100vw, 25px\" \/> <span style=\"font-size: 14px;\">Eco-responsable<\/span><br \/>\n<img loading=\"lazy\" decoding=\"async\" class=\"alignnone wp-image-44208\" src=\"https:\/\/affichesguy.fr\/wp-content\/uploads\/2019\/06\/free-shipping-300x300.png\" alt=\"\" width=\"25\" height=\"25\" srcset=\"https:\/\/affichesguy.fr\/wp-content\/uploads\/2019\/06\/free-shipping-300x300.png 300w, https:\/\/affichesguy.fr\/wp-content\/uploads\/2019\/06\/free-shipping-150x150.png 150w, https:\/\/affichesguy.fr\/wp-content\/uploads\/2019\/06\/free-shipping-350x350.png 350w, https:\/\/affichesguy.fr\/wp-content\/uploads\/2019\/06\/free-shipping-100x100.png 100w, https:\/\/affichesguy.fr\/wp-content\/uploads\/2019\/06\/free-shipping.png 512w\" sizes=\"auto, (max-width: 25px) 100vw, 25px\" \/><span style=\"font-size: 14px;\"> Env\u00edo gratuito (Francia metropolitana)<\/span><br \/>\n<img loading=\"lazy\" decoding=\"async\" class=\"alignnone wp-image-44211\" src=\"https:\/\/affichesguy.fr\/wp-content\/uploads\/2019\/06\/secure-payment-300x300.png\" alt=\"\" width=\"25\" height=\"25\" srcset=\"https:\/\/affichesguy.fr\/wp-content\/uploads\/2019\/06\/secure-payment-300x300.png 300w, https:\/\/affichesguy.fr\/wp-content\/uploads\/2019\/06\/secure-payment-150x150.png 150w, https:\/\/affichesguy.fr\/wp-content\/uploads\/2019\/06\/secure-payment-350x350.png 350w, https:\/\/affichesguy.fr\/wp-content\/uploads\/2019\/06\/secure-payment-100x100.png 100w, https:\/\/affichesguy.fr\/wp-content\/uploads\/2019\/06\/secure-payment.png 512w\" sizes=\"auto, (max-width: 25px) 100vw, 25px\" \/> <span style=\"font-size: 14px;\">Pago seguro<\/span><\/p>\n<p>&nbsp;<\/p>\n","protected":false},"featured_media":45089,"template":"","meta":[],"product_brand":[],"product_cat":[96],"product_tag":[],"class_list":{"0":"post-45086","1":"product","2":"type-product","3":"status-publish","4":"has-post-thumbnail","6":"product_cat-surf-es","8":"first","9":"instock","10":"shipping-taxable","11":"purchasable","12":"product-type-simple"},"yoast_head":"<!-- This site is optimized with the Yoast SEO plugin v25.3.1 - https:\/\/yoast.com\/wordpress\/plugins\/seo\/ -->\n<title>Line up - GUY<\/title>\n<meta name=\"robots\" content=\"index, follow, max-snippet:-1, max-image-preview:large, max-video-preview:-1\" \/>\n<link rel=\"canonical\" href=\"https:\/\/affichesguy.fr\/producto\/line-up\/\" \/>\n<meta property=\"og:locale\" content=\"es_ES\" \/>\n<meta property=\"og:type\" content=\"article\" \/>\n<meta property=\"og:title\" content=\"Line up - GUY\" \/>\n<meta property=\"og:description\" content=\"\u00a1Ilustraci\u00f3n gr\u00e1fica de una sala de espera! Cartel de arte 50x70 cm Papel satinado de calidad de galer\u00eda 20 copias numeradas Vendido sin marco  Eco-responsable Env\u00edo gratuito (Francia metropolitana) Pago seguro &nbsp;\" \/>\n<meta property=\"og:url\" content=\"https:\/\/affichesguy.fr\/producto\/line-up\/\" \/>\n<meta property=\"og:site_name\" content=\"GUY\" \/>\n<meta property=\"article:publisher\" content=\"https:\/\/www.facebook.com\/affichesguy\/\" \/>\n<meta property=\"article:modified_time\" content=\"2019-08-30T12:01:13+00:00\" \/>\n<meta property=\"og:image\" content=\"https:\/\/affichesguy.fr\/wp-content\/uploads\/2019\/08\/line-up-WEB.jpg\" \/>\n\t<meta property=\"og:image:width\" content=\"493\" \/>\n\t<meta property=\"og:image:height\" content=\"690\" \/>\n\t<meta property=\"og:image:type\" content=\"image\/jpeg\" \/>\n<meta name=\"twitter:card\" content=\"summary_large_image\" \/>\n<meta name=\"twitter:label1\" content=\"Tiempo de lectura\" \/>\n\t<meta name=\"twitter:data1\" content=\"1 minuto\" \/>\n<script type=\"application\/ld+json\" class=\"yoast-schema-graph\">{\"@context\":\"https:\/\/schema.org\",\"@graph\":[{\"@type\":\"WebPage\",\"@id\":\"https:\/\/affichesguy.fr\/producto\/line-up\/\",\"url\":\"https:\/\/affichesguy.fr\/producto\/line-up\/\",\"name\":\"Line up - GUY\",\"isPartOf\":{\"@id\":\"https:\/\/affichesguy.fr\/#website\"},\"primaryImageOfPage\":{\"@id\":\"https:\/\/affichesguy.fr\/producto\/line-up\/#primaryimage\"},\"image\":{\"@id\":\"https:\/\/affichesguy.fr\/producto\/line-up\/#primaryimage\"},\"thumbnailUrl\":\"https:\/\/affichesguy.fr\/wp-content\/uploads\/2019\/08\/line-up-WEB.jpg\",\"datePublished\":\"2019-08-08T11:29:00+00:00\",\"dateModified\":\"2019-08-30T12:01:13+00:00\",\"breadcrumb\":{\"@id\":\"https:\/\/affichesguy.fr\/producto\/line-up\/#breadcrumb\"},\"inLanguage\":\"es\",\"potentialAction\":[{\"@type\":\"ReadAction\",\"target\":[\"https:\/\/affichesguy.fr\/producto\/line-up\/\"]}]},{\"@type\":\"ImageObject\",\"inLanguage\":\"es\",\"@id\":\"https:\/\/affichesguy.fr\/producto\/line-up\/#primaryimage\",\"url\":\"https:\/\/affichesguy.fr\/wp-content\/uploads\/2019\/08\/line-up-WEB.jpg\",\"contentUrl\":\"https:\/\/affichesguy.fr\/wp-content\/uploads\/2019\/08\/line-up-WEB.jpg\",\"width\":493,\"height\":690,\"caption\":\"cadeau surf guy\"},{\"@type\":\"BreadcrumbList\",\"@id\":\"https:\/\/affichesguy.fr\/producto\/line-up\/#breadcrumb\",\"itemListElement\":[{\"@type\":\"ListItem\",\"position\":1,\"name\":\"Accueil\",\"item\":\"https:\/\/affichesguy.fr\/\"},{\"@type\":\"ListItem\",\"position\":2,\"name\":\"Toutes les affiches\",\"item\":\"https:\/\/affichesguy.fr\/toutes-les-affiches\/\"},{\"@type\":\"ListItem\",\"position\":3,\"name\":\"Line up\"}]},{\"@type\":\"WebSite\",\"@id\":\"https:\/\/affichesguy.fr\/#website\",\"url\":\"https:\/\/affichesguy.fr\/\",\"name\":\"Affiches GUY\",\"description\":\"Affiches cr\u00e9atives\",\"publisher\":{\"@id\":\"https:\/\/affichesguy.fr\/#organization\"},\"potentialAction\":[{\"@type\":\"SearchAction\",\"target\":{\"@type\":\"EntryPoint\",\"urlTemplate\":\"https:\/\/affichesguy.fr\/?s={search_term_string}\"},\"query-input\":{\"@type\":\"PropertyValueSpecification\",\"valueRequired\":true,\"valueName\":\"search_term_string\"}}],\"inLanguage\":\"es\"},{\"@type\":\"Organization\",\"@id\":\"https:\/\/affichesguy.fr\/#organization\",\"name\":\"Affiches GUY\",\"url\":\"https:\/\/affichesguy.fr\/\",\"logo\":{\"@type\":\"ImageObject\",\"inLanguage\":\"es\",\"@id\":\"https:\/\/affichesguy.fr\/#\/schema\/logo\/image\/\",\"url\":\"https:\/\/affichesguy.fr\/wp-content\/uploads\/2019\/06\/logo-affiche-guy.jpg\",\"contentUrl\":\"https:\/\/affichesguy.fr\/wp-content\/uploads\/2019\/06\/logo-affiche-guy.jpg\",\"width\":200,\"height\":200,\"caption\":\"Affiches GUY\"},\"image\":{\"@id\":\"https:\/\/affichesguy.fr\/#\/schema\/logo\/image\/\"},\"sameAs\":[\"https:\/\/www.facebook.com\/affichesguy\/\",\"https:\/\/www.instagram.com\/affichesguy\/\"]}]}<\/script>\n<!-- \/ Yoast SEO plugin. -->","yoast_head_json":{"title":"Line up - GUY","robots":{"index":"index","follow":"follow","max-snippet":"max-snippet:-1","max-image-preview":"max-image-preview:large","max-video-preview":"max-video-preview:-1"},"canonical":"https:\/\/affichesguy.fr\/producto\/line-up\/","og_locale":"es_ES","og_type":"article","og_title":"Line up - GUY","og_description":"\u00a1Ilustraci\u00f3n gr\u00e1fica de una sala de espera! Cartel de arte 50x70 cm Papel satinado de calidad de galer\u00eda 20 copias numeradas Vendido sin marco  Eco-responsable Env\u00edo gratuito (Francia metropolitana) Pago seguro &nbsp;","og_url":"https:\/\/affichesguy.fr\/producto\/line-up\/","og_site_name":"GUY","article_publisher":"https:\/\/www.facebook.com\/affichesguy\/","article_modified_time":"2019-08-30T12:01:13+00:00","og_image":[{"width":493,"height":690,"url":"https:\/\/affichesguy.fr\/wp-content\/uploads\/2019\/08\/line-up-WEB.jpg","type":"image\/jpeg"}],"twitter_card":"summary_large_image","twitter_misc":{"Tiempo de lectura":"1 minuto"},"schema":{"@context":"https:\/\/schema.org","@graph":[{"@type":"WebPage","@id":"https:\/\/affichesguy.fr\/producto\/line-up\/","url":"https:\/\/affichesguy.fr\/producto\/line-up\/","name":"Line up - GUY","isPartOf":{"@id":"https:\/\/affichesguy.fr\/#website"},"primaryImageOfPage":{"@id":"https:\/\/affichesguy.fr\/producto\/line-up\/#primaryimage"},"image":{"@id":"https:\/\/affichesguy.fr\/producto\/line-up\/#primaryimage"},"thumbnailUrl":"https:\/\/affichesguy.fr\/wp-content\/uploads\/2019\/08\/line-up-WEB.jpg","datePublished":"2019-08-08T11:29:00+00:00","dateModified":"2019-08-30T12:01:13+00:00","breadcrumb":{"@id":"https:\/\/affichesguy.fr\/producto\/line-up\/#breadcrumb"},"inLanguage":"es","potentialAction":[{"@type":"ReadAction","target":["https:\/\/affichesguy.fr\/producto\/line-up\/"]}]},{"@type":"ImageObject","inLanguage":"es","@id":"https:\/\/affichesguy.fr\/producto\/line-up\/#primaryimage","url":"https:\/\/affichesguy.fr\/wp-content\/uploads\/2019\/08\/line-up-WEB.jpg","contentUrl":"https:\/\/affichesguy.fr\/wp-content\/uploads\/2019\/08\/line-up-WEB.jpg","width":493,"height":690,"caption":"cadeau surf guy"},{"@type":"BreadcrumbList","@id":"https:\/\/affichesguy.fr\/producto\/line-up\/#breadcrumb","itemListElement":[{"@type":"ListItem","position":1,"name":"Accueil","item":"https:\/\/affichesguy.fr\/"},{"@type":"ListItem","position":2,"name":"Toutes les affiches","item":"https:\/\/affichesguy.fr\/toutes-les-affiches\/"},{"@type":"ListItem","position":3,"name":"Line up"}]},{"@type":"WebSite","@id":"https:\/\/affichesguy.fr\/#website","url":"https:\/\/affichesguy.fr\/","name":"Affiches GUY","description":"Affiches cr\u00e9atives","publisher":{"@id":"https:\/\/affichesguy.fr\/#organization"},"potentialAction":[{"@type":"SearchAction","target":{"@type":"EntryPoint","urlTemplate":"https:\/\/affichesguy.fr\/?s={search_term_string}"},"query-input":{"@type":"PropertyValueSpecification","valueRequired":true,"valueName":"search_term_string"}}],"inLanguage":"es"},{"@type":"Organization","@id":"https:\/\/affichesguy.fr\/#organization","name":"Affiches GUY","url":"https:\/\/affichesguy.fr\/","logo":{"@type":"ImageObject","inLanguage":"es","@id":"https:\/\/affichesguy.fr\/#\/schema\/logo\/image\/","url":"https:\/\/affichesguy.fr\/wp-content\/uploads\/2019\/06\/logo-affiche-guy.jpg","contentUrl":"https:\/\/affichesguy.fr\/wp-content\/uploads\/2019\/06\/logo-affiche-guy.jpg","width":200,"height":200,"caption":"Affiches GUY"},"image":{"@id":"https:\/\/affichesguy.fr\/#\/schema\/logo\/image\/"},"sameAs":["https:\/\/www.facebook.com\/affichesguy\/","https:\/\/www.instagram.com\/affichesguy\/"]}]}},"_links":{"self":[{"href":"https:\/\/affichesguy.fr\/es\/wp-json\/wp\/v2\/product\/45086","targetHints":{"allow":["GET"]}}],"collection":[{"href":"https:\/\/affichesguy.fr\/es\/wp-json\/wp\/v2\/product"}],"about":[{"href":"https:\/\/affichesguy.fr\/es\/wp-json\/wp\/v2\/types\/product"}],"wp:featuredmedia":[{"embeddable":true,"href":"https:\/\/affichesguy.fr\/es\/wp-json\/wp\/v2\/media\/45089"}],"wp:attachment":[{"href":"https:\/\/affichesguy.fr\/es\/wp-json\/wp\/v2\/media?parent=45086"}],"wp:term":[{"taxonomy":"product_brand","embeddable":true,"href":"https:\/\/affichesguy.fr\/es\/wp-json\/wp\/v2\/product_brand?post=45086"},{"taxonomy":"product_cat","embeddable":true,"href":"https:\/\/affichesguy.fr\/es\/wp-json\/wp\/v2\/product_cat?post=45086"},{"taxonomy":"product_tag","embeddable":true,"href":"https:\/\/affichesguy.fr\/es\/wp-json\/wp\/v2\/product_tag?post=45086"}],"curies":[{"name":"wp","href":"https:\/\/api.w.org\/{rel}","templated":true}]}}