{"id":45668,"date":"2019-08-25T07:33:04","date_gmt":"2019-08-25T07:33:04","guid":{"rendered":"https:\/\/affichesguy.fr\/entrega-y-devoluciones\/"},"modified":"2020-04-23T12:20:37","modified_gmt":"2020-04-23T12:20:37","slug":"entrega-y-devoluciones","status":"publish","type":"page","link":"https:\/\/affichesguy.fr\/es\/entrega-y-devoluciones\/","title":{"rendered":"Entrega y devoluciones"},"content":{"rendered":"<div class=\"wpb-content-wrapper\"><p>[vc_row][vc_column][vc_empty_space height=\u00bb100px\u00bb][vc_column_text]<\/p>\n<h1 style=\"text-align: center;\">Entrega y devoluciones<\/h1>\n<p>[\/vc_column_text][vc_empty_space height=\u00bb100px\u00bb][vc_column_text]<\/p>\n<h2>Entrega<\/h2>\n<p>Los productos en stock generalmente se env\u00edan dentro de las 72 horas y se entregan durante el intervalo de d\u00edas indicado en nuestro sitio.<br \/>\nLa fecha estimada de entrega del pedido se indica en la confirmaci\u00f3n del pedido, en el momento de la compra y \/ o pago, as\u00ed como en la p\u00e1gina detallada del producto. A menos que se haya decidido previamente lo contrario y en caso de retraso en la entrega de m\u00e1s de 30 d\u00edas h\u00e1biles, y si no es responsable de la demora, tiene el derecho, como cliente, de cancelar la compra.<br \/>\nSi su paquete debe retirarse en un punto de retransmisi\u00f3n, debe eliminarlo antes de la fecha l\u00edmite indicada en la notificaci\u00f3n del pedido. En principio, debe recoger su paquete en persona presentando una identificaci\u00f3n v\u00e1lida y el n\u00famero de pedido.<br \/>\nEl cliente siempre recibe una notificaci\u00f3n de entrega indicando el lugar y la fecha de retiro de su paquete. La notification peut \u00eatre envoy\u00e9e par courriel ou SMS lorsque le client a fourni son num\u00e9ro de t\u00e9l\u00e9phone mobile. En caso de no retiro del paquete, GUY se reserva el derecho de imponer una multa de 35 euros.<br \/>\nSi su paquete debe entregarse en COLISSIMO, se estipula en el archivo del producto que el paquete no cabe en un buz\u00f3n. En caso de ausencia, se depositar\u00e1 en la oficina de correos m\u00e1s cercana. El cliente siempre recibe una notificaci\u00f3n de entrega que indica el lugar y la fecha. La notification peut \u00eatre envoy\u00e9e par courriel ou SMS lorsque le client a fourni son num\u00e9ro de t\u00e9l\u00e9phone mobile. En caso de no retiro del paquete, GUY se reserva el derecho de imponer una multa de 35 euros.<br \/>\n<a href=\"https:\/\/affichesguy.fr\/es\/condiciones-generales-de-venta\/\" target=\"_blank\" rel=\"noopener noreferrer\">Ver los EGV<\/a><\/p>\n<h2>Pol\u00edtica de devoluci\u00f3n<\/h2>\n<p>En el ejercicio del derecho de desistimiento del consumidor, el costo de devoluci\u00f3n es responsabilidad del cliente, quien tambi\u00e9n es responsable de la condici\u00f3n del producto despu\u00e9s de recibirlo y una vez devuelto. El producto debe devolverse dentro de los 15 d\u00edas a partir de la fecha en que el cliente envi\u00f3 el aviso de cancelaci\u00f3n a GUY. Los art\u00edculos devueltos deben estar cuidadosamente embalados, en buenas condiciones y en su caja original. Las devoluciones deben realizarse de acuerdo con el procedimiento detallado de devoluci\u00f3n de ventas (GTC) de GUY.<\/p>\n<p>&nbsp;<\/p>\n<h2>Entrega y devoluci\u00f3n de carteles personalizados en el p\u00e1rrafo CGV<\/h2>\n<p>&nbsp;<\/p>\n<p>[\/vc_column_text][vc_empty_space height=\u00bb100px\u00bb][\/vc_column][\/vc_row]<\/p>\n<\/div>","protected":false},"excerpt":{"rendered":"<p>[vc_row][vc_column][vc_empty_space height=\u00bb100px\u00bb][vc_column_text] Entrega y devoluciones [\/vc_column_text][vc_empty_space height=\u00bb100px\u00bb][vc_column_text] Entrega Los productos en stock generalmente se env\u00edan dentro de las 72 horas y se entregan durante el intervalo de d\u00edas indicado en nuestro sitio. La fecha estimada de entrega del pedido se indica en la confirmaci\u00f3n del pedido, en el momento de la compra y \/ o &hellip;<\/p>\n","protected":false},"author":2,"featured_media":0,"parent":0,"menu_order":0,"comment_status":"closed","ping_status":"closed","template":"","meta":{"footnotes":""},"class_list":["post-45668","page","type-page","status-publish","hentry"],"yoast_head":"<!-- This site is optimized with the Yoast SEO plugin v25.3.1 - https:\/\/yoast.com\/wordpress\/plugins\/seo\/ -->\n<title>Entrega y devoluciones - GUY<\/title>\n<meta name=\"robots\" content=\"index, follow, max-snippet:-1, max-image-preview:large, max-video-preview:-1\" \/>\n<link rel=\"canonical\" href=\"https:\/\/affichesguy.fr\/livraison-retours\/\" \/>\n<meta property=\"og:locale\" content=\"es_ES\" \/>\n<meta property=\"og:type\" content=\"article\" \/>\n<meta property=\"og:title\" content=\"Entrega y devoluciones - GUY\" \/>\n<meta property=\"og:description\" content=\"[vc_row][vc_column][vc_empty_space height=\u00bb100px\u00bb][vc_column_text] Entrega y devoluciones [\/vc_column_text][vc_empty_space height=\u00bb100px\u00bb][vc_column_text] Entrega Los productos en stock generalmente se env\u00edan dentro de las 72 horas y se entregan durante el intervalo de d\u00edas indicado en nuestro sitio. La fecha estimada de entrega del pedido se indica en la confirmaci\u00f3n del pedido, en el momento de la compra y \/ o &hellip;\" \/>\n<meta property=\"og:url\" content=\"https:\/\/affichesguy.fr\/livraison-retours\/\" \/>\n<meta property=\"og:site_name\" content=\"GUY\" \/>\n<meta property=\"article:publisher\" content=\"https:\/\/www.facebook.com\/affichesguy\/\" \/>\n<meta property=\"article:modified_time\" content=\"2020-04-23T12:20:37+00:00\" \/>\n<meta name=\"twitter:card\" content=\"summary_large_image\" \/>\n<meta name=\"twitter:label1\" content=\"Tiempo de lectura\" \/>\n\t<meta name=\"twitter:data1\" content=\"2 minutos\" \/>\n<script type=\"application\/ld+json\" class=\"yoast-schema-graph\">{\"@context\":\"https:\/\/schema.org\",\"@graph\":[{\"@type\":\"WebPage\",\"@id\":\"https:\/\/affichesguy.fr\/livraison-retours\/\",\"url\":\"https:\/\/affichesguy.fr\/livraison-retours\/\",\"name\":\"Entrega y devoluciones - GUY\",\"isPartOf\":{\"@id\":\"https:\/\/affichesguy.fr\/#website\"},\"datePublished\":\"2019-08-25T07:33:04+00:00\",\"dateModified\":\"2020-04-23T12:20:37+00:00\",\"breadcrumb\":{\"@id\":\"https:\/\/affichesguy.fr\/livraison-retours\/#breadcrumb\"},\"inLanguage\":\"es\",\"potentialAction\":[{\"@type\":\"ReadAction\",\"target\":[\"https:\/\/affichesguy.fr\/livraison-retours\/\"]}]},{\"@type\":\"BreadcrumbList\",\"@id\":\"https:\/\/affichesguy.fr\/livraison-retours\/#breadcrumb\",\"itemListElement\":[{\"@type\":\"ListItem\",\"position\":1,\"name\":\"Accueil\",\"item\":\"https:\/\/affichesguy.fr\/\"},{\"@type\":\"ListItem\",\"position\":2,\"name\":\"Entrega y devoluciones\"}]},{\"@type\":\"WebSite\",\"@id\":\"https:\/\/affichesguy.fr\/#website\",\"url\":\"https:\/\/affichesguy.fr\/\",\"name\":\"Affiches GUY\",\"description\":\"Affiches cr\u00e9atives\",\"publisher\":{\"@id\":\"https:\/\/affichesguy.fr\/#organization\"},\"potentialAction\":[{\"@type\":\"SearchAction\",\"target\":{\"@type\":\"EntryPoint\",\"urlTemplate\":\"https:\/\/affichesguy.fr\/?s={search_term_string}\"},\"query-input\":{\"@type\":\"PropertyValueSpecification\",\"valueRequired\":true,\"valueName\":\"search_term_string\"}}],\"inLanguage\":\"es\"},{\"@type\":\"Organization\",\"@id\":\"https:\/\/affichesguy.fr\/#organization\",\"name\":\"Affiches GUY\",\"url\":\"https:\/\/affichesguy.fr\/\",\"logo\":{\"@type\":\"ImageObject\",\"inLanguage\":\"es\",\"@id\":\"https:\/\/affichesguy.fr\/#\/schema\/logo\/image\/\",\"url\":\"https:\/\/affichesguy.fr\/wp-content\/uploads\/2019\/06\/logo-affiche-guy.jpg\",\"contentUrl\":\"https:\/\/affichesguy.fr\/wp-content\/uploads\/2019\/06\/logo-affiche-guy.jpg\",\"width\":200,\"height\":200,\"caption\":\"Affiches GUY\"},\"image\":{\"@id\":\"https:\/\/affichesguy.fr\/#\/schema\/logo\/image\/\"},\"sameAs\":[\"https:\/\/www.facebook.com\/affichesguy\/\",\"https:\/\/www.instagram.com\/affichesguy\/\"]}]}<\/script>\n<!-- \/ Yoast SEO plugin. -->","yoast_head_json":{"title":"Entrega y devoluciones - GUY","robots":{"index":"index","follow":"follow","max-snippet":"max-snippet:-1","max-image-preview":"max-image-preview:large","max-video-preview":"max-video-preview:-1"},"canonical":"https:\/\/affichesguy.fr\/livraison-retours\/","og_locale":"es_ES","og_type":"article","og_title":"Entrega y devoluciones - GUY","og_description":"[vc_row][vc_column][vc_empty_space height=\u00bb100px\u00bb][vc_column_text] Entrega y devoluciones [\/vc_column_text][vc_empty_space height=\u00bb100px\u00bb][vc_column_text] Entrega Los productos en stock generalmente se env\u00edan dentro de las 72 horas y se entregan durante el intervalo de d\u00edas indicado en nuestro sitio. La fecha estimada de entrega del pedido se indica en la confirmaci\u00f3n del pedido, en el momento de la compra y \/ o &hellip;","og_url":"https:\/\/affichesguy.fr\/livraison-retours\/","og_site_name":"GUY","article_publisher":"https:\/\/www.facebook.com\/affichesguy\/","article_modified_time":"2020-04-23T12:20:37+00:00","twitter_card":"summary_large_image","twitter_misc":{"Tiempo de lectura":"2 minutos"},"schema":{"@context":"https:\/\/schema.org","@graph":[{"@type":"WebPage","@id":"https:\/\/affichesguy.fr\/livraison-retours\/","url":"https:\/\/affichesguy.fr\/livraison-retours\/","name":"Entrega y devoluciones - GUY","isPartOf":{"@id":"https:\/\/affichesguy.fr\/#website"},"datePublished":"2019-08-25T07:33:04+00:00","dateModified":"2020-04-23T12:20:37+00:00","breadcrumb":{"@id":"https:\/\/affichesguy.fr\/livraison-retours\/#breadcrumb"},"inLanguage":"es","potentialAction":[{"@type":"ReadAction","target":["https:\/\/affichesguy.fr\/livraison-retours\/"]}]},{"@type":"BreadcrumbList","@id":"https:\/\/affichesguy.fr\/livraison-retours\/#breadcrumb","itemListElement":[{"@type":"ListItem","position":1,"name":"Accueil","item":"https:\/\/affichesguy.fr\/"},{"@type":"ListItem","position":2,"name":"Entrega y devoluciones"}]},{"@type":"WebSite","@id":"https:\/\/affichesguy.fr\/#website","url":"https:\/\/affichesguy.fr\/","name":"Affiches GUY","description":"Affiches cr\u00e9atives","publisher":{"@id":"https:\/\/affichesguy.fr\/#organization"},"potentialAction":[{"@type":"SearchAction","target":{"@type":"EntryPoint","urlTemplate":"https:\/\/affichesguy.fr\/?s={search_term_string}"},"query-input":{"@type":"PropertyValueSpecification","valueRequired":true,"valueName":"search_term_string"}}],"inLanguage":"es"},{"@type":"Organization","@id":"https:\/\/affichesguy.fr\/#organization","name":"Affiches GUY","url":"https:\/\/affichesguy.fr\/","logo":{"@type":"ImageObject","inLanguage":"es","@id":"https:\/\/affichesguy.fr\/#\/schema\/logo\/image\/","url":"https:\/\/affichesguy.fr\/wp-content\/uploads\/2019\/06\/logo-affiche-guy.jpg","contentUrl":"https:\/\/affichesguy.fr\/wp-content\/uploads\/2019\/06\/logo-affiche-guy.jpg","width":200,"height":200,"caption":"Affiches GUY"},"image":{"@id":"https:\/\/affichesguy.fr\/#\/schema\/logo\/image\/"},"sameAs":["https:\/\/www.facebook.com\/affichesguy\/","https:\/\/www.instagram.com\/affichesguy\/"]}]}},"_links":{"self":[{"href":"https:\/\/affichesguy.fr\/es\/wp-json\/wp\/v2\/pages\/45668","targetHints":{"allow":["GET"]}}],"collection":[{"href":"https:\/\/affichesguy.fr\/es\/wp-json\/wp\/v2\/pages"}],"about":[{"href":"https:\/\/affichesguy.fr\/es\/wp-json\/wp\/v2\/types\/page"}],"author":[{"embeddable":true,"href":"https:\/\/affichesguy.fr\/es\/wp-json\/wp\/v2\/users\/2"}],"replies":[{"embeddable":true,"href":"https:\/\/affichesguy.fr\/es\/wp-json\/wp\/v2\/comments?post=45668"}],"version-history":[{"count":0,"href":"https:\/\/affichesguy.fr\/es\/wp-json\/wp\/v2\/pages\/45668\/revisions"}],"wp:attachment":[{"href":"https:\/\/affichesguy.fr\/es\/wp-json\/wp\/v2\/media?parent=45668"}],"curies":[{"name":"wp","href":"https:\/\/api.w.org\/{rel}","templated":true}]}}