{"id":44538,"date":"2019-07-16T13:33:10","date_gmt":"2019-07-16T13:33:10","guid":{"rendered":"https:\/\/affichesguy.fr\/?page_id=44538"},"modified":"2019-09-02T07:28:51","modified_gmt":"2019-09-02T07:28:51","slug":"acerca-de","status":"publish","type":"page","link":"https:\/\/affichesguy.fr\/es\/acerca-de\/","title":{"rendered":"A PROPOSITO"},"content":{"rendered":"<div class=\"wpb-content-wrapper\"><p>[vc_row][vc_column][vc_row_inner][vc_column_inner][vc_empty_space height=\u00bb80px\u00bb][\/vc_column_inner][\/vc_row_inner][vc_row_inner][vc_column_inner]\r\n\t\t\t<div class=\"nm-testimonial\">\r\n\t\t\t\t<div class=\"nm-testimonial-content\">\r\n\t\t\t\t\t<div class=\"nm-testimonial-description\"><strong><span style=\"font-size: 50px;\">\u00abEl tipo se imagina, se recuerda, se tira al agua. Est\u00e1 haciendo un momento, una historia. \u00bb<\/span><\/strong><\/div><div class=\"nm-testimonial-author\"><span>GUY<\/span><\/div>\r\n\t\t\t\t<\/div>\r\n\t\t\t<\/div>[\/vc_column_inner][\/vc_row_inner][vc_empty_space height=\u00bb80px\u00bb][vc_single_image image=\u00bb44300&#8243; img_size=\u00bbfull\u00bb][vc_empty_space height=\u00bb130px\u00bb][vc_row_inner][vc_column_inner][vc_column_text]<\/p>\n<h2 style=\"text-align: center;\"><span style=\"font-size: 50px; color: #000000;\">Es tener una conciencia eco-responsable.<\/span><\/h2>\n<p>[\/vc_column_text][vc_empty_space height=\u00bb50px\u00bb][\/vc_column_inner][\/vc_row_inner][vc_row_inner][vc_column_inner][vc_column_text]<\/p>\n<p style=\"text-align: center;\">Documento del Forest Stewardship Council (<strong>FSC<\/strong>) | Certificaci\u00f3n ambiental (SCS-COC-000856 \/ FSC-C008945)<\/p>\n<p style=\"text-align: center;\"><strong>Buen manejo forestal<\/strong> | Trazabilidad de productos de madera.<\/p>\n<p style=\"text-align: center;\">Tinta Canon UVGEL 356 | Certificaci\u00f3n GreenGuard (108581-410) |<strong>No t\u00f3xico<\/strong>, duradero, con colores inalterables.<\/p>\n<p style=\"text-align: center;\"><strong>Sin contaminaci\u00f3n<\/strong>, sin emisi\u00f3n de ozono y calor | Bajo consumo de energ\u00eda<\/p>\n<p style=\"text-align: center;\"><strong>Embalaje<\/strong> en cart\u00f3n <strong>reciclado<\/strong> y papel kraft.<\/p>\n<p>[\/vc_column_text][\/vc_column_inner][\/vc_row_inner][vc_row_inner][vc_column_inner][vc_empty_space height=\u00bb50px\u00bb][vc_single_image image=\u00bb44408&#8243; img_size=\u00bbfull\u00bb alignment=\u00bbcenter\u00bb][\/vc_column_inner][\/vc_row_inner][vc_empty_space height=\u00bb130px\u00bb][vc_column_text]<\/p>\n<h2 style=\"text-align: center;\"><span style=\"font-size: 50px; color: #000000;\">Es 100% franc\u00e9s.<\/span><\/h2>\n<p>[\/vc_column_text][vc_empty_space height=\u00bb50px\u00bb][vc_row_inner][vc_column_inner][vc_column_text]<\/p>\n<p style=\"text-align: center;\">El trabajo <strong>gr\u00e1fico<\/strong> est\u00e1 hecho de <strong>fotos<\/strong>.<\/p>\n<p style=\"text-align: center;\">Todos nuestros carteles <strong>se imprimen en Francia<\/strong> de una manera ecol\u00f3gicamente responsable.<\/p>\n<p>[\/vc_column_text][\/vc_column_inner][\/vc_row_inner][vc_row_inner][vc_column_inner][vc_empty_space height=\u00bb50px\u00bb][vc_single_image image=\u00bb44412&#8243; img_size=\u00bbfull\u00bb alignment=\u00bbcenter\u00bb][vc_empty_space height=\u00bb130px\u00bb]\r\n\t\t\t<div class=\"nm-testimonial\">\r\n\t\t\t\t<div class=\"nm-testimonial-content\">\r\n\t\t\t\t\t<div class=\"nm-testimonial-description\"><strong><span style=\"font-size: 50px;\">\u00ab Je joue avec les pixels, souligne les atouts graphiques d\u2019une photographie, tout en conservant son authenticit\u00e9. \u00bb<\/span><\/strong><\/div><div class=\"nm-testimonial-author\"><span>GUY<\/span><\/div>\r\n\t\t\t\t<\/div>\r\n\t\t\t<\/div>[vc_empty_space height=\u00bb50px\u00bb][\/vc_column_inner][\/vc_row_inner][vc_row_inner][vc_column_inner width=\u00bb1\/3&#8243;][vc_single_image image=\u00bb44227&#8243; img_size=\u00bblarge\u00bb][\/vc_column_inner][vc_column_inner width=\u00bb1\/3&#8243;][vc_single_image image=\u00bb44224&#8243; img_size=\u00bblarge\u00bb alignment=\u00bbcenter\u00bb][\/vc_column_inner][vc_column_inner width=\u00bb1\/3&#8243;][vc_single_image image=\u00bb44230&#8243; img_size=\u00bblarge\u00bb alignment=\u00bbright\u00bb][\/vc_column_inner][\/vc_row_inner][vc_empty_space height=\u00bb130px\u00bb][\/vc_column][\/vc_row][vc_row][vc_column width=\u00bb1\/2&#8243; css=\u00bb.vc_custom_1567150187281{padding-right: 50px !important;}\u00bb offset=\u00bbvc_hidden-xs\u00bb][vc_separator title=\u00bbGuy aime\u00bb title_size=\u00bbmedium\u00bb title_align=\u00bbseparator_align_left\u00bb title_tag=\u00bbh2&#8243; accent_color=\u00bb#000000&#8243;][vc_empty_space height=\u00bb30px\u00bb][vc_column_text]Chocolate, gente (bueno, no todo &#8230;), el oc\u00e9ano, bol\u00edgrafos de 4 colores, la monta\u00f1a (porque es bueno para ti), cerveza (&#8230;), singularidad, rebozuelos, pescar, zapatillas de deporte (42 pares de furgonetas), el crepitar del fuego de la chimenea, tener a\u00fan 10 a\u00f1os, so\u00f1ar &#8230;[\/vc_column_text][\/vc_column][vc_column width=\u00bb1\/2&#8243; css=\u00bb.vc_custom_1567150192765{padding-left: 50px !important;}\u00bb offset=\u00bbvc_hidden-xs\u00bb][vc_separator title=\u00bbGuy d\u00e9teste\u00bb title_size=\u00bbmedium\u00bb title_align=\u00bbseparator_align_left\u00bb title_tag=\u00bbh2&#8243; accent_color=\u00bb#000000&#8243;][vc_empty_space height=\u00bb30px\u00bb][vc_column_text]Endivias con jam\u00f3n, enfrentar la realidad (pero bueno, de vez en cuando &#8230;), injusticia, ser nost\u00e1lgico (incluso si a veces vale la pena &#8230;), poner calcetines id\u00e9nticos (qu\u00e9 p\u00e9rdida de tiempo), el alcohol (en pasteles, solo en pasteles), olvidar &#8230;[\/vc_column_text][\/vc_column][\/vc_row][vc_row][vc_column width=\u00bb1\/2&#8243; css=\u00bb.vc_custom_1567150300666{padding-right: 0px !important;padding-bottom: 0px !important;}\u00bb offset=\u00bbvc_hidden-lg vc_hidden-md vc_hidden-sm\u00bb][vc_separator title=\u00bbGuy aime\u00bb title_size=\u00bbmedium\u00bb title_align=\u00bbseparator_align_left\u00bb title_tag=\u00bbh2&#8243; accent_color=\u00bb#000000&#8243;][vc_empty_space height=\u00bb30px\u00bb][vc_column_text]Chocolate, gente (bueno, no todo &#8230;), el oc\u00e9ano, bol\u00edgrafos de 4 colores, la monta\u00f1a (porque es bueno para ti), cerveza (&#8230;), singularidad, rebozuelos, pescar, zapatillas de deporte (42 pares de furgonetas), el crepitar del fuego de la chimenea, tener a\u00fan 10 a\u00f1os, so\u00f1ar &#8230;[\/vc_column_text][vc_empty_space height=\u00bb30px\u00bb][\/vc_column][vc_column width=\u00bb1\/2&#8243; css=\u00bb.vc_custom_1567150344228{padding-left: 15px !important;}\u00bb offset=\u00bbvc_hidden-lg vc_hidden-md vc_hidden-sm\u00bb][vc_separator title=\u00bbGuy d\u00e9teste\u00bb title_size=\u00bbmedium\u00bb title_align=\u00bbseparator_align_left\u00bb title_tag=\u00bbh2&#8243; accent_color=\u00bb#000000&#8243;][vc_empty_space height=\u00bb30px\u00bb][vc_column_text]Endivias con jam\u00f3n, enfrentar la realidad (pero bueno, de vez en cuando &#8230;), injusticia, ser nost\u00e1lgico (incluso si a veces vale la pena &#8230;), poner calcetines id\u00e9nticos (qu\u00e9 p\u00e9rdida de tiempo), el alcohol (en pasteles, solo en pasteles), olvidar &#8230;[\/vc_column_text][\/vc_column][\/vc_row][vc_row][vc_column][vc_empty_space height=\u00bb100px\u00bb][\/vc_column][\/vc_row]<\/p>\n<\/div>","protected":false},"excerpt":{"rendered":"<p>[vc_row][vc_column][vc_row_inner][vc_column_inner][vc_empty_space height=\u00bb80px\u00bb][\/vc_column_inner][\/vc_row_inner][vc_row_inner][vc_column_inner][\/vc_column_inner][\/vc_row_inner][vc_empty_space height=\u00bb80px\u00bb][vc_single_image image=\u00bb44300&#8243; img_size=\u00bbfull\u00bb][vc_empty_space height=\u00bb130px\u00bb][vc_row_inner][vc_column_inner][vc_column_text] Es tener una conciencia eco-responsable. [\/vc_column_text][vc_empty_space height=\u00bb50px\u00bb][\/vc_column_inner][\/vc_row_inner][vc_row_inner][vc_column_inner][vc_column_text] Documento del Forest Stewardship Council (FSC) | Certificaci\u00f3n ambiental (SCS-COC-000856 \/ FSC-C008945) Buen manejo forestal | Trazabilidad de productos de madera. Tinta Canon UVGEL 356 | Certificaci\u00f3n GreenGuard (108581-410) |No t\u00f3xico, duradero, con colores inalterables. Sin contaminaci\u00f3n, sin emisi\u00f3n de ozono y &hellip;<\/p>\n","protected":false},"author":2,"featured_media":0,"parent":0,"menu_order":0,"comment_status":"closed","ping_status":"closed","template":"","meta":{"footnotes":""},"class_list":["post-44538","page","type-page","status-publish","hentry"],"yoast_head":"<!-- This site is optimized with the Yoast SEO plugin v25.3.1 - https:\/\/yoast.com\/wordpress\/plugins\/seo\/ -->\n<title>GUY - Carteles conceptuales - Acerca de nosotros: concepto y realizaci\u00f3n<\/title>\n<meta name=\"description\" content=\"El tipo se imagina, se recuerda, se tira al agua. Est\u00e1 haciendo un momento, una historia. Es tener una conciencia eco-responsable.\" \/>\n<meta name=\"robots\" content=\"index, follow, max-snippet:-1, max-image-preview:large, max-video-preview:-1\" \/>\n<link rel=\"canonical\" href=\"https:\/\/affichesguy.fr\/a-propos\/\" \/>\n<meta property=\"og:locale\" content=\"es_ES\" \/>\n<meta property=\"og:type\" content=\"article\" \/>\n<meta property=\"og:title\" content=\"GUY - Carteles conceptuales - Acerca de nosotros: concepto y realizaci\u00f3n\" \/>\n<meta property=\"og:description\" content=\"El tipo se imagina, se recuerda, se tira al agua. Est\u00e1 haciendo un momento, una historia. Es tener una conciencia eco-responsable.\" \/>\n<meta property=\"og:url\" content=\"https:\/\/affichesguy.fr\/a-propos\/\" \/>\n<meta property=\"og:site_name\" content=\"GUY\" \/>\n<meta property=\"article:publisher\" content=\"https:\/\/www.facebook.com\/affichesguy\/\" \/>\n<meta property=\"article:modified_time\" content=\"2019-09-02T07:28:51+00:00\" \/>\n<meta property=\"og:image\" content=\"https:\/\/affichesguy.fr\/wp-content\/uploads\/2019\/09\/guy-facebook.jpg\" \/>\n\t<meta property=\"og:image:width\" content=\"1200\" \/>\n\t<meta property=\"og:image:height\" content=\"630\" \/>\n\t<meta property=\"og:image:type\" content=\"image\/jpeg\" \/>\n<meta name=\"twitter:card\" content=\"summary_large_image\" \/>\n<meta name=\"twitter:label1\" content=\"Tiempo de lectura\" \/>\n\t<meta name=\"twitter:data1\" content=\"4 minutos\" \/>\n<script type=\"application\/ld+json\" class=\"yoast-schema-graph\">{\"@context\":\"https:\/\/schema.org\",\"@graph\":[{\"@type\":\"WebPage\",\"@id\":\"https:\/\/affichesguy.fr\/a-propos\/\",\"url\":\"https:\/\/affichesguy.fr\/a-propos\/\",\"name\":\"GUY - Carteles conceptuales - Acerca de nosotros: concepto y realizaci\u00f3n\",\"isPartOf\":{\"@id\":\"https:\/\/affichesguy.fr\/#website\"},\"datePublished\":\"2019-07-16T13:33:10+00:00\",\"dateModified\":\"2019-09-02T07:28:51+00:00\",\"description\":\"El tipo se imagina, se recuerda, se tira al agua. Est\u00e1 haciendo un momento, una historia. Es tener una conciencia eco-responsable.\",\"breadcrumb\":{\"@id\":\"https:\/\/affichesguy.fr\/a-propos\/#breadcrumb\"},\"inLanguage\":\"es\",\"potentialAction\":[{\"@type\":\"ReadAction\",\"target\":[\"https:\/\/affichesguy.fr\/a-propos\/\"]}]},{\"@type\":\"BreadcrumbList\",\"@id\":\"https:\/\/affichesguy.fr\/a-propos\/#breadcrumb\",\"itemListElement\":[{\"@type\":\"ListItem\",\"position\":1,\"name\":\"Accueil\",\"item\":\"https:\/\/affichesguy.fr\/\"},{\"@type\":\"ListItem\",\"position\":2,\"name\":\"A PROPOSITO\"}]},{\"@type\":\"WebSite\",\"@id\":\"https:\/\/affichesguy.fr\/#website\",\"url\":\"https:\/\/affichesguy.fr\/\",\"name\":\"Affiches GUY\",\"description\":\"Affiches cr\u00e9atives\",\"publisher\":{\"@id\":\"https:\/\/affichesguy.fr\/#organization\"},\"potentialAction\":[{\"@type\":\"SearchAction\",\"target\":{\"@type\":\"EntryPoint\",\"urlTemplate\":\"https:\/\/affichesguy.fr\/?s={search_term_string}\"},\"query-input\":{\"@type\":\"PropertyValueSpecification\",\"valueRequired\":true,\"valueName\":\"search_term_string\"}}],\"inLanguage\":\"es\"},{\"@type\":\"Organization\",\"@id\":\"https:\/\/affichesguy.fr\/#organization\",\"name\":\"Affiches GUY\",\"url\":\"https:\/\/affichesguy.fr\/\",\"logo\":{\"@type\":\"ImageObject\",\"inLanguage\":\"es\",\"@id\":\"https:\/\/affichesguy.fr\/#\/schema\/logo\/image\/\",\"url\":\"https:\/\/affichesguy.fr\/wp-content\/uploads\/2019\/06\/logo-affiche-guy.jpg\",\"contentUrl\":\"https:\/\/affichesguy.fr\/wp-content\/uploads\/2019\/06\/logo-affiche-guy.jpg\",\"width\":200,\"height\":200,\"caption\":\"Affiches GUY\"},\"image\":{\"@id\":\"https:\/\/affichesguy.fr\/#\/schema\/logo\/image\/\"},\"sameAs\":[\"https:\/\/www.facebook.com\/affichesguy\/\",\"https:\/\/www.instagram.com\/affichesguy\/\"]}]}<\/script>\n<!-- \/ Yoast SEO plugin. -->","yoast_head_json":{"title":"GUY - Carteles conceptuales - Acerca de nosotros: concepto y realizaci\u00f3n","description":"El tipo se imagina, se recuerda, se tira al agua. Est\u00e1 haciendo un momento, una historia. Es tener una conciencia eco-responsable.","robots":{"index":"index","follow":"follow","max-snippet":"max-snippet:-1","max-image-preview":"max-image-preview:large","max-video-preview":"max-video-preview:-1"},"canonical":"https:\/\/affichesguy.fr\/a-propos\/","og_locale":"es_ES","og_type":"article","og_title":"GUY - Carteles conceptuales - Acerca de nosotros: concepto y realizaci\u00f3n","og_description":"El tipo se imagina, se recuerda, se tira al agua. Est\u00e1 haciendo un momento, una historia. Es tener una conciencia eco-responsable.","og_url":"https:\/\/affichesguy.fr\/a-propos\/","og_site_name":"GUY","article_publisher":"https:\/\/www.facebook.com\/affichesguy\/","article_modified_time":"2019-09-02T07:28:51+00:00","og_image":[{"width":1200,"height":630,"url":"https:\/\/affichesguy.fr\/wp-content\/uploads\/2019\/09\/guy-facebook.jpg","type":"image\/jpeg"}],"twitter_card":"summary_large_image","twitter_misc":{"Tiempo de lectura":"4 minutos"},"schema":{"@context":"https:\/\/schema.org","@graph":[{"@type":"WebPage","@id":"https:\/\/affichesguy.fr\/a-propos\/","url":"https:\/\/affichesguy.fr\/a-propos\/","name":"GUY - Carteles conceptuales - Acerca de nosotros: concepto y realizaci\u00f3n","isPartOf":{"@id":"https:\/\/affichesguy.fr\/#website"},"datePublished":"2019-07-16T13:33:10+00:00","dateModified":"2019-09-02T07:28:51+00:00","description":"El tipo se imagina, se recuerda, se tira al agua. Est\u00e1 haciendo un momento, una historia. Es tener una conciencia eco-responsable.","breadcrumb":{"@id":"https:\/\/affichesguy.fr\/a-propos\/#breadcrumb"},"inLanguage":"es","potentialAction":[{"@type":"ReadAction","target":["https:\/\/affichesguy.fr\/a-propos\/"]}]},{"@type":"BreadcrumbList","@id":"https:\/\/affichesguy.fr\/a-propos\/#breadcrumb","itemListElement":[{"@type":"ListItem","position":1,"name":"Accueil","item":"https:\/\/affichesguy.fr\/"},{"@type":"ListItem","position":2,"name":"A PROPOSITO"}]},{"@type":"WebSite","@id":"https:\/\/affichesguy.fr\/#website","url":"https:\/\/affichesguy.fr\/","name":"Affiches GUY","description":"Affiches cr\u00e9atives","publisher":{"@id":"https:\/\/affichesguy.fr\/#organization"},"potentialAction":[{"@type":"SearchAction","target":{"@type":"EntryPoint","urlTemplate":"https:\/\/affichesguy.fr\/?s={search_term_string}"},"query-input":{"@type":"PropertyValueSpecification","valueRequired":true,"valueName":"search_term_string"}}],"inLanguage":"es"},{"@type":"Organization","@id":"https:\/\/affichesguy.fr\/#organization","name":"Affiches GUY","url":"https:\/\/affichesguy.fr\/","logo":{"@type":"ImageObject","inLanguage":"es","@id":"https:\/\/affichesguy.fr\/#\/schema\/logo\/image\/","url":"https:\/\/affichesguy.fr\/wp-content\/uploads\/2019\/06\/logo-affiche-guy.jpg","contentUrl":"https:\/\/affichesguy.fr\/wp-content\/uploads\/2019\/06\/logo-affiche-guy.jpg","width":200,"height":200,"caption":"Affiches GUY"},"image":{"@id":"https:\/\/affichesguy.fr\/#\/schema\/logo\/image\/"},"sameAs":["https:\/\/www.facebook.com\/affichesguy\/","https:\/\/www.instagram.com\/affichesguy\/"]}]}},"_links":{"self":[{"href":"https:\/\/affichesguy.fr\/es\/wp-json\/wp\/v2\/pages\/44538","targetHints":{"allow":["GET"]}}],"collection":[{"href":"https:\/\/affichesguy.fr\/es\/wp-json\/wp\/v2\/pages"}],"about":[{"href":"https:\/\/affichesguy.fr\/es\/wp-json\/wp\/v2\/types\/page"}],"author":[{"embeddable":true,"href":"https:\/\/affichesguy.fr\/es\/wp-json\/wp\/v2\/users\/2"}],"replies":[{"embeddable":true,"href":"https:\/\/affichesguy.fr\/es\/wp-json\/wp\/v2\/comments?post=44538"}],"version-history":[{"count":0,"href":"https:\/\/affichesguy.fr\/es\/wp-json\/wp\/v2\/pages\/44538\/revisions"}],"wp:attachment":[{"href":"https:\/\/affichesguy.fr\/es\/wp-json\/wp\/v2\/media?parent=44538"}],"curies":[{"name":"wp","href":"https:\/\/api.w.org\/{rel}","templated":true}]}}